{"id":9231,"date":"2022-12-27T16:29:59","date_gmt":"2022-12-27T15:29:59","guid":{"rendered":"https:\/\/www.eathappygroup.com\/?page_id=9231"},"modified":"2022-12-28T13:22:33","modified_gmt":"2022-12-28T12:22:33","slug":"compliance","status":"publish","type":"page","link":"https:\/\/www.eathappygroup.com\/en\/compliance\/","title":{"rendered":"Compliance"},"content":{"rendered":"    <section class=\"content-section contact-form\" id=\"form-section\">\n        <div class=\"container grid-container grid-container--center\">\n            <div class=\"grid grid-3\"><\/div>\n            <div class=\"grid grid-6\">\n                                <div class=\"contact-form__text-container\">\n                                                                        <h2 class=\"headline-2 contact-form__headline\">Contact options for reporting grievances<\/h2>\n                                                                                        <div class=\"contact-form__text\">\n                            <p>FCF Holding GmbH is the parent company of the EAT HAPPY GROUP. The EAT HAPPY GROUP is a young, up-and-coming concern and owes its success not only to a maintaining consistently high standards, but also to the tireless commitment of many people both within the group and within our supply chain. We value all these essential parts of our business and know that it is important to protect them.<\/p>\n<p>In this respect, we would like to encourage people to report openly or anonymously if they learn of potential legal violations or other abuses at EAT HAPPY GROUP. \u201cLegal violations and abuses&#8221; are understood to include not only criminal offences and misdemeanours under national law, but also equivalent violations of international legal systems and\/or the laws of other countries.<\/p>\n<p>We will ensure that your information is handled discreetly and with the greatest possible confidentiality and will provide you with feedback on the measures we take to investigate, prosecute and, if necessary, eliminate such potential violations.<\/p>\n<p>If you become aware of any such abuses, we would be grateful if you could inform our compliance team (being as specific and detailed as possible) at <a href=\"mailto:compliance@eathappygroup.com\">compliance@eathappygroup.com<\/a>.<br \/>\nWe are also available to speak with you by telephone or in person. Please mention this when you email us and we will contact you to arrange an appointment.<\/p>\n<p>Mr. Christiaan Boog, a qualified lawyer, is also available as an external ombudsman to receive your report and give you advice. With Mr. Boog you have access to a neutral party who is bound by a duty of confidentiality. Mr. Boog will only disclose your identity\u00a0 if you expressly agree to it, or if it is required by law.<\/p>\n<p>Contact Rechtsanwalt Christiaan Boog \u2013 external ombudsman:<br \/>\n<a href=\"mailto:ombudsmann@boog-partner.de\">ombudsmann@boog-partner.de<\/a><br \/>\nPhone: +49 (0)221 222 700 0<\/p>\n\n                        <\/div>\n                                    <\/div>\n                <div class=\"contact-form__form-container\">\n                    <script type=\"text\/javascript\">\n\/* <![CDATA[ *\/\nvar gform;gform||(document.addEventListener(\"gform_main_scripts_loaded\",function(){gform.scriptsLoaded=!0}),document.addEventListener(\"gform\/theme\/scripts_loaded\",function(){gform.themeScriptsLoaded=!0}),window.addEventListener(\"DOMContentLoaded\",function(){gform.domLoaded=!0}),gform={domLoaded:!1,scriptsLoaded:!1,themeScriptsLoaded:!1,isFormEditor:()=>\"function\"==typeof InitializeEditor,callIfLoaded:function(o){return!(!gform.domLoaded||!gform.scriptsLoaded||!gform.themeScriptsLoaded&&!gform.isFormEditor()||(gform.isFormEditor()&&console.warn(\"The use of gform.initializeOnLoaded() is deprecated in the form editor context and will be removed in Gravity Forms 3.1.\"),o(),0))},initializeOnLoaded:function(o){gform.callIfLoaded(o)||(document.addEventListener(\"gform_main_scripts_loaded\",()=>{gform.scriptsLoaded=!0,gform.callIfLoaded(o)}),document.addEventListener(\"gform\/theme\/scripts_loaded\",()=>{gform.themeScriptsLoaded=!0,gform.callIfLoaded(o)}),window.addEventListener(\"DOMContentLoaded\",()=>{gform.domLoaded=!0,gform.callIfLoaded(o)}))},hooks:{action:{},filter:{}},addAction:function(o,r,e,t){gform.addHook(\"action\",o,r,e,t)},addFilter:function(o,r,e,t){gform.addHook(\"filter\",o,r,e,t)},doAction:function(o){gform.doHook(\"action\",o,arguments)},applyFilters:function(o){return gform.doHook(\"filter\",o,arguments)},removeAction:function(o,r){gform.removeHook(\"action\",o,r)},removeFilter:function(o,r,e){gform.removeHook(\"filter\",o,r,e)},addHook:function(o,r,e,t,n){null==gform.hooks[o][r]&&(gform.hooks[o][r]=[]);var d=gform.hooks[o][r];null==n&&(n=r+\"_\"+d.length),gform.hooks[o][r].push({tag:n,callable:e,priority:t=null==t?10:t})},doHook:function(r,o,e){var t;if(e=Array.prototype.slice.call(e,1),null!=gform.hooks[r][o]&&((o=gform.hooks[r][o]).sort(function(o,r){return o.priority-r.priority}),o.forEach(function(o){\"function\"!=typeof(t=o.callable)&&(t=window[t]),\"action\"==r?t.apply(null,e):e[0]=t.apply(null,e)})),\"filter\"==r)return e[0]},removeHook:function(o,r,t,n){var e;null!=gform.hooks[o][r]&&(e=(e=gform.hooks[o][r]).filter(function(o,r,e){return!!(null!=n&&n!=o.tag||null!=t&&t!=o.priority)}),gform.hooks[o][r]=e)}});\n\/* ]]> *\/\n<\/script>\n\n                <div class='gf_browser_gecko gform_wrapper gravity-theme gform-theme--no-framework' data-form-theme='gravity-theme' data-form-index='0' id='gform_wrapper_5' ><div id='gf_5' class='gform_anchor' tabindex='-1'><\/div>\n                        <div class='gform_heading'>\n                            <p class='gform_description'><\/p>\n                        <\/div><form method='post' enctype='multipart\/form-data' target='gform_ajax_frame_5' id='gform_5'  action='\/en\/wp-json\/wp\/v2\/pages\/9231#gf_5' data-formid='5' novalidate><div class='gf_invisible ginput_recaptchav3' data-sitekey='6LcWXvYiAAAAAE-TkxhZS7W9efQPUxwcHSHHu6I4' data-tabindex='0'><input id=\"input_baf6c8a8d9651f63d56494042fa96ab9\" class=\"gfield_recaptcha_response\" type=\"hidden\" name=\"input_baf6c8a8d9651f63d56494042fa96ab9\" value=\"\"\/><\/div>\n                        <div class='gform-body gform_body'><div id='gform_fields_5' class='gform_fields top_label form_sublabel_below description_below validation_below'><div id=\"field_5_1\" class=\"gfield gfield--type-text gfield_contains_required field_sublabel_below gfield--no-description field_description_below hidden_label field_validation_below gfield_visibility_visible\"  ><label class='gfield_label gform-field-label' for='input_5_1'>Name<span class=\"gfield_required\"><span class=\"gfield_required gfield_required_text\">(Required)<\/span><\/span><\/label><div class='ginput_container ginput_container_text'><input name='input_1' id='input_5_1' type='text' value='' class='large'    placeholder='Name' aria-required=\"true\" aria-invalid=\"false\"   \/><\/div><\/div><div id=\"field_5_3\" class=\"gfield gfield--type-email gfield_contains_required field_sublabel_below gfield--no-description field_description_below hidden_label field_validation_below gfield_visibility_visible\"  ><label class='gfield_label gform-field-label' for='input_5_3'>E-mail address<span class=\"gfield_required\"><span class=\"gfield_required gfield_required_text\">(Required)<\/span><\/span><\/label><div class='ginput_container ginput_container_email'>\n                            <input name='input_3' id='input_5_3' type='email' value='' class='large'   placeholder='E-mail address' aria-required=\"true\" aria-invalid=\"false\"  \/>\n                        <\/div><\/div><div id=\"field_5_4\" class=\"gfield gfield--type-text field_sublabel_below gfield--no-description field_description_below hidden_label field_validation_below gfield_visibility_visible\"  ><label class='gfield_label gform-field-label' for='input_5_4'>Phone number<\/label><div class='ginput_container ginput_container_text'><input name='input_4' id='input_5_4' type='text' value='' class='large'    placeholder='Phone number'  aria-invalid=\"false\"   \/><\/div><\/div><div id=\"field_5_8\" class=\"gfield gfield--type-select gfield--width-full field_sublabel_below gfield--no-description field_description_below hidden_label field_validation_below gfield_visibility_visible\"  ><label class='gfield_label gform-field-label' for='input_5_8'>Subject<\/label><div class='ginput_container ginput_container_select'><select name='input_8' id='input_5_8' class='large gfield_select'     aria-invalid=\"false\" ><option value='' selected='selected' class='gf_placeholder'>Subject<\/option><option value='EAT HAPPY GROUP | FCF Holding GmbH' >EAT HAPPY GROUP | FCF Holding GmbH<\/option><option value='EAT HAPPY GmbH nach luxemburgischem Recht ' >EAT HAPPY GmbH nach luxemburgischem Recht <\/option><option value='EAT HAPPY To Go GmbH' >EAT HAPPY To Go GmbH<\/option><option value='EAT HAPPY \u00d6sterreich &amp; Slowakei (EatHappy To Go \u00d6sterreich GmbH)' >EAT HAPPY \u00d6sterreich &amp; Slowakei (EatHappy To Go \u00d6sterreich GmbH)<\/option><option value='EAT HAPPY Italien (EatHappy ToGo S.r.l.)' >EAT HAPPY Italien (EatHappy ToGo S.r.l.)<\/option><option value='EatHappy ToGo Luxembourg GmbH' >EatHappy ToGo Luxembourg GmbH<\/option><option value='WAKAME Italien (Wakame Italia S.r.l.)' >WAKAME Italien (Wakame Italia S.r.l.)<\/option><option value='Bowl Sushi Lab GmbH' >Bowl Sushi Lab GmbH<\/option><option value='Yuzu Food GmbH' >Yuzu Food GmbH<\/option><option value='EH Candy Cuisine GmbH' >EH Candy Cuisine GmbH<\/option><option value='Laden Eins GmbH' >Laden Eins GmbH<\/option><option value='umami more GmbH' >umami more GmbH<\/option><\/select><\/div><\/div><div id=\"field_5_6\" class=\"gfield gfield--type-textarea field_sublabel_below gfield--no-description field_description_below hidden_label field_validation_below gfield_visibility_visible\"  ><label class='gfield_label gform-field-label' for='input_5_6'>Your text<\/label><div class='ginput_container ginput_container_textarea'><textarea name='input_6' id='input_5_6' class='textarea large'    placeholder='Your text'  aria-invalid=\"false\"   rows='10' cols='50'><\/textarea><\/div><\/div><fieldset id=\"field_5_7\" class=\"gfield gfield--type-consent gfield--type-choice gfield--input-type-consent gfield_contains_required field_sublabel_below gfield--no-description field_description_below hidden_label field_validation_below gfield_visibility_visible\"  ><legend class='gfield_label gform-field-label gfield_label_before_complex' >Consent<span class=\"gfield_required\"><span class=\"gfield_required gfield_required_text\">(Required)<\/span><\/span><\/legend><div class='ginput_container ginput_container_consent'><input name='input_7.1' id='input_5_7_1' type='checkbox' value='1'   aria-required=\"true\" aria-invalid=\"false\"   \/> <label class=\"gform-field-label gform-field-label--type-inline gfield_consent_label\" for='input_5_7_1' >The personal data you provide us with when you get in touch will not be used for any purpose other than to respond to your inquiry. For detailed information on how we process your personal data, please refer to our <a href=\"https:\/\/www.eathappygroup.com\/en\/privacy-policy\/\">privacy statement<\/a>.<span class=\"gfield_required gfield_required_text\">(Required)<\/span><\/label><input type='hidden' name='input_7.2' value='The personal data you provide us with when you get in touch will not be used for any purpose other than to respond to your inquiry. For detailed information on how we process your personal data, please refer to our &lt;a href=&quot;https:\/\/www.eathappygroup.com\/en\/privacy-policy\/&quot;&gt;privacy statement&lt;\/a&gt;.' class='gform_hidden' \/><input type='hidden' name='input_7.3' value='5' class='gform_hidden' \/><\/div><\/fieldset><div id=\"field_5_9\" class=\"gfield gfield--type-captcha gfield--width-full field_sublabel_below gfield--no-description field_description_below field_validation_below gfield_visibility_visible\"  ><label class='gfield_label gform-field-label' for='input_5_9'>CAPTCHA<\/label><div id='input_5_9' class='ginput_container ginput_recaptcha' data-sitekey='6LeBh_YiAAAAAFTrOTmPq1FOBi4ACNFRGSC3Vf_I'  data-theme='light' data-tabindex='0'  data-badge=''><\/div><\/div><\/div><\/div>\n        <div class='gform-footer gform_footer top_label'> <input type='submit' id='gform_submit_button_5' class='gform_button button' onclick='gform.submission.handleButtonClick(this);' data-submission-type='submit' value='Send'  \/> <input type='hidden' name='gform_ajax' value='form_id=5&amp;title=&amp;description=1&amp;tabindex=0&amp;theme=gravity-theme&amp;styles=[]&amp;hash=e5f7f035ccc21464bd0e103aa2b0ffd0' \/>\n            <input type='hidden' class='gform_hidden' name='gform_submission_method' data-js='gform_submission_method_5' value='iframe' \/>\n            <input type='hidden' class='gform_hidden' name='gform_theme' data-js='gform_theme_5' id='gform_theme_5' value='gravity-theme' \/>\n            <input type='hidden' class='gform_hidden' name='gform_style_settings' data-js='gform_style_settings_5' id='gform_style_settings_5' value='[]' \/>\n            <input type='hidden' class='gform_hidden' name='is_submit_5' value='1' \/>\n            <input type='hidden' class='gform_hidden' name='gform_submit' value='5' \/>\n            \n            <input type='hidden' class='gform_hidden' name='gform_currency' data-currency='USD' value='3wVnW0emxGG3lh02Z6GRsliEcWvoHGKl29zYK3imF1DZclrT+ivAsZcxVsQKILEkF1nEmcze8x7yLjobxecYd5qomwK8fskKwacq8t0vKDlrOqU=' \/>\n            <input type='hidden' class='gform_hidden' name='gform_unique_id' value='' \/>\n            <input type='hidden' class='gform_hidden' name='state_5' value='WyJ7XCI3LjFcIjpcIjBmNDJiZDQ1MzFmMmU3ZTZlYzZhYmMxYjU4ODA3N2U1XCIsXCI3LjJcIjpcIjEyM2Q1OWIwNjViMTJiODVmYTIzODM4ZGU5MmU1YzgzXCIsXCI3LjNcIjpcIjg1NTVkOWQ1NDg1MDA1MjA0NmM4ZGIwNGY4MjMwMDI5XCJ9IiwiZTFiNTViNzZhMmY1MWE1ZTJlM2YxOTY5MjI3MDliM2MiXQ==' \/>\n            <input type='hidden' autocomplete='off' class='gform_hidden' name='gform_target_page_number_5' id='gform_target_page_number_5' value='0' \/>\n            <input type='hidden' autocomplete='off' class='gform_hidden' name='gform_source_page_number_5' id='gform_source_page_number_5' value='1' \/>\n            <input type='hidden' name='gform_field_values' value='' \/>\n            \n        <\/div>\n                        <\/form>\n                        <\/div>\n\t\t                <iframe style='display:none;width:0px;height:0px;' src='about:blank' name='gform_ajax_frame_5' id='gform_ajax_frame_5' title='This iframe contains the logic required to handle Ajax powered Gravity Forms.'><\/iframe>\n\t\t                <script type=\"text\/javascript\">\n\/* <![CDATA[ *\/\n gform.initializeOnLoaded( function() {gformInitSpinner( 5, 'https:\/\/www.eathappygroup.com\/wp-content\/plugins\/gravityforms\/images\/spinner.svg', true );jQuery('#gform_ajax_frame_5').on('load',function(){var contents = jQuery(this).contents().find('*').html();var is_postback = contents.indexOf('GF_AJAX_POSTBACK') >= 0;if(!is_postback){return;}var form_content = jQuery(this).contents().find('#gform_wrapper_5');var is_confirmation = jQuery(this).contents().find('#gform_confirmation_wrapper_5').length > 0;var is_redirect = contents.indexOf('gformRedirect(){') >= 0;var is_form = form_content.length > 0 && ! is_redirect && ! is_confirmation;var mt = parseInt(jQuery('html').css('margin-top'), 10) + parseInt(jQuery('body').css('margin-top'), 10) + 100;if(is_form){jQuery('#gform_wrapper_5').html(form_content.html());if(form_content.hasClass('gform_validation_error')){jQuery('#gform_wrapper_5').addClass('gform_validation_error');} else {jQuery('#gform_wrapper_5').removeClass('gform_validation_error');}setTimeout( function() { \/* delay the scroll by 50 milliseconds to fix a bug in chrome *\/ jQuery(document).scrollTop(jQuery('#gform_wrapper_5').offset().top - mt); }, 50 );if(window['gformInitDatepicker']) {gformInitDatepicker();}if(window['gformInitPriceFields']) {gformInitPriceFields();}var current_page = jQuery('#gform_source_page_number_5').val();gformInitSpinner( 5, 'https:\/\/www.eathappygroup.com\/wp-content\/plugins\/gravityforms\/images\/spinner.svg', true );jQuery(document).trigger('gform_page_loaded', [5, current_page]);window['gf_submitting_5'] = false;}else if(!is_redirect){var confirmation_content = jQuery(this).contents().find('.GF_AJAX_POSTBACK').html();if(!confirmation_content){confirmation_content = contents;}jQuery('#gform_wrapper_5').replaceWith(confirmation_content);jQuery(document).scrollTop(jQuery('#gf_5').offset().top - mt);jQuery(document).trigger('gform_confirmation_loaded', [5]);window['gf_submitting_5'] = false;wp.a11y.speak(jQuery('#gform_confirmation_message_5').text());}else{jQuery('#gform_5').append(contents);if(window['gformRedirect']) {gformRedirect();}}jQuery(document).trigger(\"gform_pre_post_render\", [{ formId: \"5\", currentPage: \"current_page\", abort: function() { this.preventDefault(); } }]);        if (event && event.defaultPrevented) {                return;        }        const gformWrapperDiv = document.getElementById( \"gform_wrapper_5\" );        if ( gformWrapperDiv ) {            const visibilitySpan = document.createElement( \"span\" );            visibilitySpan.id = \"gform_visibility_test_5\";            gformWrapperDiv.insertAdjacentElement( \"afterend\", visibilitySpan );        }        const visibilityTestDiv = document.getElementById( \"gform_visibility_test_5\" );        let postRenderFired = false;        function triggerPostRender() {            if ( postRenderFired ) {                return;            }            postRenderFired = true;            gform.core.triggerPostRenderEvents( 5, current_page );            if ( visibilityTestDiv ) {                visibilityTestDiv.parentNode.removeChild( visibilityTestDiv );            }        }        function debounce( func, wait, immediate ) {            var timeout;            return function() {                var context = this, args = arguments;                var later = function() {                    timeout = null;                    if ( !immediate ) func.apply( context, args );                };                var callNow = immediate && !timeout;                clearTimeout( timeout );                timeout = setTimeout( later, wait );                if ( callNow ) func.apply( context, args );            };        }        const debouncedTriggerPostRender = debounce( function() {            triggerPostRender();        }, 200 );        if ( visibilityTestDiv && visibilityTestDiv.offsetParent === null ) {            const observer = new MutationObserver( ( mutations ) => {                mutations.forEach( ( mutation ) => {                    if ( mutation.type === 'attributes' && visibilityTestDiv.offsetParent !== null ) {                        debouncedTriggerPostRender();                        observer.disconnect();                    }                });            });            observer.observe( document.body, {                attributes: true,                childList: false,                subtree: true,                attributeFilter: [ 'style', 'class' ],            });        } else {            triggerPostRender();        }    } );} ); \n\/* ]]> *\/\n<\/script>\n\n                <\/div>\n            <\/div>\n            <div class=\"grid grid-3\"><\/div>\n        <\/div>\n    <\/section>\n","protected":false},"excerpt":{"rendered":"","protected":false},"author":1,"featured_media":0,"parent":0,"menu_order":0,"comment_status":"closed","ping_status":"closed","template":"","meta":{"_acf_changed":false,"footnotes":""},"class_list":["post-9231","page","type-page","status-publish","hentry"],"acf":[],"yoast_head":"<!-- This site is optimized with the Yoast SEO plugin v27.3 - https:\/\/yoast.com\/product\/yoast-seo-wordpress\/ -->\n<title>Compliance - Eat Happy Group<\/title>\n<meta name=\"robots\" content=\"index, follow, max-snippet:-1, max-image-preview:large, max-video-preview:-1\" \/>\n<link rel=\"canonical\" href=\"https:\/\/www.eathappygroup.com\/en\/compliance\/\" \/>\n<meta property=\"og:locale\" content=\"en_US\" \/>\n<meta property=\"og:type\" content=\"article\" \/>\n<meta property=\"og:title\" content=\"Compliance - Eat Happy Group\" \/>\n<meta property=\"og:url\" content=\"https:\/\/www.eathappygroup.com\/en\/compliance\/\" \/>\n<meta property=\"og:site_name\" content=\"Eat Happy Group\" \/>\n<meta property=\"article:modified_time\" content=\"2022-12-28T12:22:33+00:00\" \/>\n<meta property=\"og:image\" content=\"https:\/\/www.eathappygroup.com\/wp-content\/uploads\/2021\/11\/ehg-og.png\" \/>\n\t<meta property=\"og:image:width\" content=\"1200\" \/>\n\t<meta property=\"og:image:height\" content=\"630\" \/>\n\t<meta property=\"og:image:type\" content=\"image\/png\" \/>\n<meta name=\"twitter:card\" content=\"summary_large_image\" \/>\n<script type=\"application\/ld+json\" class=\"yoast-schema-graph\">{\"@context\":\"https:\\\/\\\/schema.org\",\"@graph\":[{\"@type\":\"WebPage\",\"@id\":\"https:\\\/\\\/www.eathappygroup.com\\\/en\\\/compliance\\\/\",\"url\":\"https:\\\/\\\/www.eathappygroup.com\\\/en\\\/compliance\\\/\",\"name\":\"Compliance - Eat Happy Group\",\"isPartOf\":{\"@id\":\"https:\\\/\\\/www.eathappygroup.com\\\/#website\"},\"datePublished\":\"2022-12-27T15:29:59+00:00\",\"dateModified\":\"2022-12-28T12:22:33+00:00\",\"breadcrumb\":{\"@id\":\"https:\\\/\\\/www.eathappygroup.com\\\/en\\\/compliance\\\/#breadcrumb\"},\"inLanguage\":\"en-US\",\"potentialAction\":[{\"@type\":\"ReadAction\",\"target\":[\"https:\\\/\\\/www.eathappygroup.com\\\/en\\\/compliance\\\/\"]}]},{\"@type\":\"BreadcrumbList\",\"@id\":\"https:\\\/\\\/www.eathappygroup.com\\\/en\\\/compliance\\\/#breadcrumb\",\"itemListElement\":[{\"@type\":\"ListItem\",\"position\":1,\"name\":\"Homepage\",\"item\":\"https:\\\/\\\/www.eathappygroup.com\\\/en\\\/\"},{\"@type\":\"ListItem\",\"position\":2,\"name\":\"Compliance\"}]},{\"@type\":\"WebSite\",\"@id\":\"https:\\\/\\\/www.eathappygroup.com\\\/#website\",\"url\":\"https:\\\/\\\/www.eathappygroup.com\\\/\",\"name\":\"Eat Happy Group\",\"description\":\"\",\"potentialAction\":[{\"@type\":\"SearchAction\",\"target\":{\"@type\":\"EntryPoint\",\"urlTemplate\":\"https:\\\/\\\/www.eathappygroup.com\\\/?s={search_term_string}\"},\"query-input\":{\"@type\":\"PropertyValueSpecification\",\"valueRequired\":true,\"valueName\":\"search_term_string\"}}],\"inLanguage\":\"en-US\"}]}<\/script>\n<!-- \/ Yoast SEO plugin. -->","yoast_head_json":{"title":"Compliance - Eat Happy Group","robots":{"index":"index","follow":"follow","max-snippet":"max-snippet:-1","max-image-preview":"max-image-preview:large","max-video-preview":"max-video-preview:-1"},"canonical":"https:\/\/www.eathappygroup.com\/en\/compliance\/","og_locale":"en_US","og_type":"article","og_title":"Compliance - Eat Happy Group","og_url":"https:\/\/www.eathappygroup.com\/en\/compliance\/","og_site_name":"Eat Happy Group","article_modified_time":"2022-12-28T12:22:33+00:00","og_image":[{"width":1200,"height":630,"url":"https:\/\/www.eathappygroup.com\/wp-content\/uploads\/2021\/11\/ehg-og.png","type":"image\/png"}],"twitter_card":"summary_large_image","schema":{"@context":"https:\/\/schema.org","@graph":[{"@type":"WebPage","@id":"https:\/\/www.eathappygroup.com\/en\/compliance\/","url":"https:\/\/www.eathappygroup.com\/en\/compliance\/","name":"Compliance - Eat Happy Group","isPartOf":{"@id":"https:\/\/www.eathappygroup.com\/#website"},"datePublished":"2022-12-27T15:29:59+00:00","dateModified":"2022-12-28T12:22:33+00:00","breadcrumb":{"@id":"https:\/\/www.eathappygroup.com\/en\/compliance\/#breadcrumb"},"inLanguage":"en-US","potentialAction":[{"@type":"ReadAction","target":["https:\/\/www.eathappygroup.com\/en\/compliance\/"]}]},{"@type":"BreadcrumbList","@id":"https:\/\/www.eathappygroup.com\/en\/compliance\/#breadcrumb","itemListElement":[{"@type":"ListItem","position":1,"name":"Homepage","item":"https:\/\/www.eathappygroup.com\/en\/"},{"@type":"ListItem","position":2,"name":"Compliance"}]},{"@type":"WebSite","@id":"https:\/\/www.eathappygroup.com\/#website","url":"https:\/\/www.eathappygroup.com\/","name":"Eat Happy Group","description":"","potentialAction":[{"@type":"SearchAction","target":{"@type":"EntryPoint","urlTemplate":"https:\/\/www.eathappygroup.com\/?s={search_term_string}"},"query-input":{"@type":"PropertyValueSpecification","valueRequired":true,"valueName":"search_term_string"}}],"inLanguage":"en-US"}]}},"_links":{"self":[{"href":"https:\/\/www.eathappygroup.com\/en\/wp-json\/wp\/v2\/pages\/9231","targetHints":{"allow":["GET"]}}],"collection":[{"href":"https:\/\/www.eathappygroup.com\/en\/wp-json\/wp\/v2\/pages"}],"about":[{"href":"https:\/\/www.eathappygroup.com\/en\/wp-json\/wp\/v2\/types\/page"}],"author":[{"embeddable":true,"href":"https:\/\/www.eathappygroup.com\/en\/wp-json\/wp\/v2\/users\/1"}],"replies":[{"embeddable":true,"href":"https:\/\/www.eathappygroup.com\/en\/wp-json\/wp\/v2\/comments?post=9231"}],"version-history":[{"count":9,"href":"https:\/\/www.eathappygroup.com\/en\/wp-json\/wp\/v2\/pages\/9231\/revisions"}],"predecessor-version":[{"id":9260,"href":"https:\/\/www.eathappygroup.com\/en\/wp-json\/wp\/v2\/pages\/9231\/revisions\/9260"}],"wp:attachment":[{"href":"https:\/\/www.eathappygroup.com\/en\/wp-json\/wp\/v2\/media?parent=9231"}],"curies":[{"name":"wp","href":"https:\/\/api.w.org\/{rel}","templated":true}]}}